{"id":20,"date":"2023-05-02T14:59:31","date_gmt":"2023-05-02T17:59:31","guid":{"rendered":"https:\/\/tipotemporarioblogs.com.br\/gruporadioplan\/blog\/?page_id=20"},"modified":"2024-10-30T16:04:56","modified_gmt":"2024-10-30T19:04:56","slug":"home","status":"publish","type":"page","link":"https:\/\/apema.com.br\/blog\/","title":{"rendered":"Blog"},"content":{"rendered":"\n<h1>\n\t\t<a href=\"https:\/\/www.apema.com.br\/blog\/\" title=\"Blog Apema\" target=\"_self\" rel=\"noopener\">\n\t\tBlog Apema\n\t\t<\/a>\n\t<\/h1>\n\t<p>Refer\u00eancia em Solu\u00e7\u00f5es para Troca T\u00e9rmica<\/p>\n\t\t\t<a href=\"https:\/\/www.apema.com.br\/blog\/equipamentos\/\" target=\"_self\" role=\"button\" rel=\"noopener\">\n\t\t\t\t\t\t\tEquipamentos\n\t\t\t\t\t<\/a>\n\t\t\t<a href=\"https:\/\/www.apema.com.br\/blog\/standard\/\" target=\"_self\" role=\"button\" rel=\"noopener\">\n\t\t\t\t\t\t\tStandard\n\t\t\t\t\t<\/a>\n\t\t\t<a href=\"https:\/\/www.apema.com.br\/blog\/engenheirados\/\" target=\"_self\" role=\"button\" rel=\"noopener\">\n\t\t\t\t\t\t\tEngenheirados\n\t\t\t\t\t<\/a>\n\t\t\t<a href=\"https:\/\/www.apema.com.br\/blog\/micro-canais\/\" target=\"_self\" role=\"button\" rel=\"noopener\">\n\t\t\t\t\t\t\tMicro Canais\n\t\t\t\t\t<\/a>\n\t\t\t<a href=\"https:\/\/www.apema.com.br\/blog\/resfriadores\/\" target=\"_self\" role=\"button\" rel=\"noopener\">\n\t\t\t\t\t\t\tResfriadores\n\t\t\t\t\t<\/a>\n\t\t\t<a href=\"https:\/\/www.apema.com.br\/blog\/trocadores\/\" target=\"_self\" role=\"button\" rel=\"noopener\">\n\t\t\t\t\t\t\tTrocadores\n\t\t\t\t\t<\/a>\n<h3>\n\t\tTodas as publica\u00e7\u00f5es\n\t<\/h3>\n\t<h3>Deseja receber not\u00edcias e novidades em primeira m\u00e3o?<\/h3>\n\n","protected":false},"excerpt":{"rendered":"<p>Blog Apema Refer\u00eancia em Solu\u00e7\u00f5es para Troca T\u00e9rmica Equipamentos Standard Engenheirados Micro Canais Resfriadores Trocadores Todas as publica\u00e7\u00f5es Deseja receber not\u00edcias e novidades em primeira m\u00e3o?<\/p>\n","protected":false},"author":1,"featured_media":0,"parent":0,"menu_order":0,"comment_status":"closed","ping_status":"closed","template":"","meta":{"_kad_post_transparent":"","_kad_post_title":"","_kad_post_layout":"","_kad_post_sidebar_id":"","_kad_post_content_style":"","_kad_post_vertical_padding":"","_kad_post_feature":"","_kad_post_feature_position":"","_kad_post_header":false,"_kad_post_footer":false,"footnotes":""},"class_list":["post-20","page","type-page","status-publish","hentry"],"_links":{"self":[{"href":"https:\/\/apema.com.br\/blog\/wp-json\/wp\/v2\/pages\/20","targetHints":{"allow":["GET"]}}],"collection":[{"href":"https:\/\/apema.com.br\/blog\/wp-json\/wp\/v2\/pages"}],"about":[{"href":"https:\/\/apema.com.br\/blog\/wp-json\/wp\/v2\/types\/page"}],"author":[{"embeddable":true,"href":"https:\/\/apema.com.br\/blog\/wp-json\/wp\/v2\/users\/1"}],"replies":[{"embeddable":true,"href":"https:\/\/apema.com.br\/blog\/wp-json\/wp\/v2\/comments?post=20"}],"version-history":[{"count":47,"href":"https:\/\/apema.com.br\/blog\/wp-json\/wp\/v2\/pages\/20\/revisions"}],"predecessor-version":[{"id":1420,"href":"https:\/\/apema.com.br\/blog\/wp-json\/wp\/v2\/pages\/20\/revisions\/1420"}],"wp:attachment":[{"href":"https:\/\/apema.com.br\/blog\/wp-json\/wp\/v2\/media?parent=20"}],"curies":[{"name":"wp","href":"https:\/\/api.w.org\/{rel}","templated":true}]}}